{"id":685,"date":"2018-07-25T15:06:42","date_gmt":"2018-07-25T18:06:42","guid":{"rendered":"https:\/\/isalberti-crr.infd.edu.ar\/sitio\/?page_id=685"},"modified":"2019-05-09T15:38:25","modified_gmt":"2019-05-09T18:38:25","slug":"autoridades","status":"publish","type":"page","link":"https:\/\/isalberti-crr.infd.edu.ar\/sitio\/institucional\/autoridades\/","title":{"rendered":"Autoridades"},"content":{"rendered":"<p><strong>OBISPO DE LA DI\u00d3CESIS DE GOYA<\/strong><br \/>\nMONSE\u00d1OR ADOLFO RAM\u00d3N CANEC\u00cdN<\/p>\n<p><strong>REPRESENTANTE LEGAL<\/strong><br \/>\nDR. DANIEL FERN\u00c1NDEZ<\/p>\n<p><strong>RECTOR<\/strong><br \/>\nINGENIERO GUSTAVO FABI\u00c1N MICELLI<\/p>\n<p><strong>VICE RECTORA<\/strong><br \/>\nPROFESORA PAULA CANCELA<\/p>\n<p><strong>SECRETARIO<\/strong><br \/>\nPROFESOR NICOL\u00c1S PERROTA<\/p>\n<p><strong>PRO SECRETARIA<\/strong><br \/>\nPROFESORA ROMINA FARMAR<\/p>\n<p><strong>AUXILIAR DE DIRECCI\u00d3N<\/strong><br \/>\nPROFESOR CESAR L\u00d3PEZ<\/p>\n","protected":false},"excerpt":{"rendered":"<p>OBISPO DE LA DI\u00d3CESIS DE GOYA MONSE\u00d1OR ADOLFO RAM\u00d3N CANEC\u00cdN REPRESENTANTE LEGAL DR. DANIEL FERN\u00c1NDEZ RECTOR INGENIERO GUSTAVO FABI\u00c1N MICELLI VICE RECTORA PROFESORA PAULA CANCELA SECRETARIO PROFESOR NICOL\u00c1S PERROTA PRO SECRETARIA PROFESORA ROMINA FARMAR AUXILIAR DE DIRECCI\u00d3N PROFESOR CESAR L\u00d3PEZ<\/p>\n","protected":false},"author":6,"featured_media":0,"parent":683,"menu_order":0,"comment_status":"closed","ping_status":"closed","template":"","meta":[],"acf":[],"_links":{"self":[{"href":"https:\/\/isalberti-crr.infd.edu.ar\/sitio\/wp-json\/wp\/v2\/pages\/685"}],"collection":[{"href":"https:\/\/isalberti-crr.infd.edu.ar\/sitio\/wp-json\/wp\/v2\/pages"}],"about":[{"href":"https:\/\/isalberti-crr.infd.edu.ar\/sitio\/wp-json\/wp\/v2\/types\/page"}],"author":[{"embeddable":true,"href":"https:\/\/isalberti-crr.infd.edu.ar\/sitio\/wp-json\/wp\/v2\/users\/6"}],"replies":[{"embeddable":true,"href":"https:\/\/isalberti-crr.infd.edu.ar\/sitio\/wp-json\/wp\/v2\/comments?post=685"}],"version-history":[{"count":9,"href":"https:\/\/isalberti-crr.infd.edu.ar\/sitio\/wp-json\/wp\/v2\/pages\/685\/revisions"}],"predecessor-version":[{"id":785,"href":"https:\/\/isalberti-crr.infd.edu.ar\/sitio\/wp-json\/wp\/v2\/pages\/685\/revisions\/785"}],"up":[{"embeddable":true,"href":"https:\/\/isalberti-crr.infd.edu.ar\/sitio\/wp-json\/wp\/v2\/pages\/683"}],"wp:attachment":[{"href":"https:\/\/isalberti-crr.infd.edu.ar\/sitio\/wp-json\/wp\/v2\/media?parent=685"}],"curies":[{"name":"wp","href":"https:\/\/api.w.org\/{rel}","templated":true}]}}