{"id":791,"date":"2019-05-09T15:43:15","date_gmt":"2019-05-09T18:43:15","guid":{"rendered":"https:\/\/isalberti-crr.infd.edu.ar\/sitio\/?page_id=791"},"modified":"2019-05-09T17:03:27","modified_gmt":"2019-05-09T20:03:27","slug":"profesorado-en-economia-y-gestion-de-las-organizaciones-3","status":"publish","type":"page","link":"https:\/\/isalberti-crr.infd.edu.ar\/sitio\/catalogo\/profesorado-en-economia-y-gestion-de-las-organizaciones-3\/","title":{"rendered":"Profesorado en Econom\u00eda y Gesti\u00f3n de las Organizaciones"},"content":{"rendered":"<p><em>TITULO DE VALIDEZ NACIONAL<\/em><\/p>\n<p><em>N\u00ba Resolucion Ministerial: 4593\/15<\/em><\/p>\n<h3><strong>INCUMBENCIA<\/strong><\/h3>\n<p>Te habilita para ejercer la profesi\u00f3n en los siguientes espacios curriculares:<\/p>\n<ul>\n<li>Teor\u00eda de las Organizaciones.<\/li>\n<li>Tecnolog\u00edas de Gesti\u00f3n.<\/li>\n<li>Administraci\u00f3n de Empresas.<\/li>\n<li>Sistemas de Informaci\u00f3n Contable.<\/li>\n<li>Microeconom\u00eda.<\/li>\n<li>Macroeconom\u00eda.<\/li>\n<li>Marketing y Comercializaci\u00f3n.<\/li>\n<li>Gesti\u00f3n Financiera.<\/li>\n<li>Procesos Productivos.<\/li>\n<\/ul>\n<h3><strong>PERFIL DEL EGRESADO DE ECONOMIA<\/strong><\/h3>\n<p><em>El futuro docente debe:<\/em><\/p>\n<ul>\n<li>Construir un saber profesional espec\u00edfico, un saber pedag\u00f3gico especializado, en complejidad, accesible y \u00fatil socialmente en sus dimensiones conceptuales, procedimentales y actitudinales. Disponer de las herramientas necesarias para tomar decisiones adecuadas en diferentes momentos de su profesi\u00f3n.<\/li>\n<li>Prepararse y capacitarse para desempe\u00f1arse eficazmente en todos los niveles del sistema educativo y en sus distintas modalidades.<\/li>\n<li>Formarse como docente participativo y comprometido con su instituci\u00f3n y entorno social.<\/li>\n<li>Desarrollar una actitud reflexiva a partir de la apropiaci\u00f3n de deberes, en los procesos de b\u00fasqueda de la verdad.<\/li>\n<li>Comprender las caracter\u00edsticas psicol\u00f3gicas, fisiol\u00f3gicas, culturales y sociales de la pubertad, adolescencia y primera pubertad para el dise\u00f1o de estrategias de ense\u00f1anza apropiadas.<\/li>\n<li>Fundamentar sus pr\u00e1cticas docentes en concepciones \u00e9ticas y sociales del conocimiento, en funci\u00f3n de los intereses de las edades evolutivas de sus alumnos.<\/li>\n<li>Vincular los aportes de la investigaci\u00f3n educativa y la reflexi\u00f3n sistem\u00e1tica sobre la pr\u00e1ctica, para redise\u00f1ar propuestas alternativas frente a situaciones complejas y particulares.<\/li>\n<li>Comprender las caracter\u00edsticas personales y grupos de pertenencias de p\u00faberes, adolescentes y j\u00f3venes para orientarlos en sus proyectos de vida en relaci\u00f3n con las opciones de estudio y de trabajo.<\/li>\n<li>Manejar con solvencia los principios, m\u00e9todos, enfoques y contenidos de Econom\u00eda, Administraci\u00f3n, Organizaci\u00f3n y Sistematizaci\u00f3n de la informaci\u00f3n.<\/li>\n<li>Dominar las t\u00e9cnicas de investigaci\u00f3n en los campos en que se desempe\u00f1ar\u00e1.<\/li>\n<li>Demostrar capacidad de autocr\u00edtica frente a su saber cient\u00edfico, procedimental y actitudinal.<\/li>\n<li>Adquirir una visi\u00f3n integradora de la realidad socio-econ\u00f3mica.<\/li>\n<li>Poseer capacidad de reflexi\u00f3n, de \u00e9tica y adhesi\u00f3n a los valores trascendentales, que orienten su vida profesional y personal.<\/li>\n<li>Desempe\u00f1ar su rol de ciudadano pleno y comprometido en la igualdad, la justicia social y el bien com\u00fan, basamento de la doctrina cristiana.<\/li>\n<li>Desarrollar su capacidad emp\u00edrica y creativa para recrear y construir conocimientos desde el plano de las ciencias para aplicarlos a la integraci\u00f3n disciplinaria y a la pr\u00e1ctica docente.<\/li>\n<li>Seleccionar, recolectar y registrar informaci\u00f3n t\u00e9cnica, interpretarla y comunicarla.<\/li>\n<li>Recopilar datos y sistematizarlos para producir informaci\u00f3n \u00fatil.<\/li>\n<\/ul>\n<p><button class=\"btn btn-primary btn-lg btn-block\" type=\"button\">1er a\u00f1o<\/button><\/p>\n<ol>\n<li>Pedagog\u00eda &#8211; Anual<\/li>\n<li>Psicolog\u00eda Educacional \u00a0&#8211; Cuat.<\/li>\n<li>Did\u00e1ctica General \u00a0&#8211; Anual<\/li>\n<li>Lectura y Escritura Acad\u00e9mica \u00a0&#8211; Anual<\/li>\n<li>Matem\u00e1tica \u00a0&#8211; Anual<\/li>\n<li>Principios de Econom\u00eda \u00a0&#8211; Anual<\/li>\n<li>Contabilidad b\u00e1sica \u00a0&#8211; Cuat.<\/li>\n<li>Geograf\u00eda Econ\u00f3mica \u00a0&#8211; Cuat.<\/li>\n<li>Pr\u00e1ctica Docente I \u00a0&#8211; Anual<\/li>\n<\/ol>\n<p><button class=\"btn btn-primary btn-lg btn-block\" type=\"button\">2do a\u00f1o<\/button><\/p>\n<ol>\n<li>Tecnolog\u00edas de la Inf. y la Com. &#8211; Anual<\/li>\n<li>Historia Arg. y Latinoamericana \u00a0&#8211; Cuat.<\/li>\n<li>Filosof\u00eda de la Educaci\u00f3n \u00a0&#8211; Cuat.<\/li>\n<li>Estad\u00edstica \u00a0&#8211; Anual<\/li>\n<li>Sistema de Inf. \u00a0Contable I \u00a0&#8211; Anual<\/li>\n<li>Administraci\u00f3n General \u00a0&#8211; Cuat.<\/li>\n<li>Microeconom\u00eda \u00a0&#8211; Anual<\/li>\n<li>Did\u00e1ctica de la Ciencias Econ\u00f3micas I \u00a0&#8211; Anual<\/li>\n<li>Sujeto de la Educaci\u00f3n \u00a0&#8211; Anual<\/li>\n<li>Derecho Privado \u00a0&#8211; Cuat.<\/li>\n<li>Pr\u00e1ctica Docente II \u00a0&#8211; Anual<\/li>\n<\/ol>\n<p><button class=\"btn btn-primary btn-lg btn-block\" type=\"button\">3er a\u00f1o<\/button><\/p>\n<ol>\n<li>Sociolog\u00eda de la Educaci\u00f3n \u00a0&#8211; Cuat.<\/li>\n<li>Historia y Pol\u00edtica de la Educ. Argentina \u00a0&#8211; Cuat.<\/li>\n<li>Lengua Extranjera \u00a0&#8211; Cuat.<\/li>\n<li>Did\u00e1ct. de las Cs Econ\u00f3micas II \u00a0&#8211; Anual<\/li>\n<li>Macroeconom\u00eda \u00a0&#8211; Anual<\/li>\n<li>Derecho P\u00fablico \u00a0&#8211; Cuat.<\/li>\n<li>Sistema de Inf. Contable II \u00a0&#8211; Anual<\/li>\n<li>Teor\u00eda y Gesti\u00f3n de las Org. \u00a0&#8211; Anual<\/li>\n<li>Tecnolog\u00eda de la Inf. y Com. en la Ense\u00f1anza \u00a0&#8211; Cuat.<\/li>\n<li>Pr\u00e1ctica Docente III \u00a0&#8211; Anual<\/li>\n<\/ol>\n<p><button class=\"btn btn-primary btn-lg btn-block\" type=\"button\">4to a\u00f1o<\/button><\/p>\n<ol>\n<li>Educaci\u00f3n Sexual Integral \u00a0&#8211; Cuat.<\/li>\n<li>\u00c9tica y Ciudadan\u00eda \u00a0&#8211; Cuat.<\/li>\n<li>Finanzas P\u00fablicas \u00a0&#8211; Cuat.<\/li>\n<li>Historia Econ\u00f3mica \u00a0&#8211; Cuat.<\/li>\n<li>Dise\u00f1o y Gesti\u00f3n de Emprendimientos \u00a0&#8211; Anual<\/li>\n<li>Econom\u00eda Pol\u00edtica \u00a0&#8211; Anual<\/li>\n<li>Propuesta Variable o Complementaria \u00a0&#8211; Anual<\/li>\n<li>Residencia Pedag\u00f3gica: Sistematizaci\u00f3n de exp. \u00a0&#8211; Anual<\/li>\n<\/ol>\n","protected":false},"excerpt":{"rendered":"<p>TITULO DE VALIDEZ NACIONAL N\u00ba Resolucion Ministerial: 4593\/15 INCUMBENCIA Te habilita para ejercer la profesi\u00f3n en los siguientes espacios curriculares: Teor\u00eda de las Organizaciones. Tecnolog\u00edas de Gesti\u00f3n. Administraci\u00f3n de Empresas. Sistemas de Informaci\u00f3n Contable. Microeconom\u00eda. Macroeconom\u00eda. Marketing y Comercializaci\u00f3n. Gesti\u00f3n Financiera. Procesos Productivos. PERFIL DEL EGRESADO DE ECONOMIA El futuro docente debe: Construir un saber &#8230; <a title=\"Profesorado en Econom\u00eda y Gesti\u00f3n de las Organizaciones\" class=\"read-more\" href=\"https:\/\/isalberti-crr.infd.edu.ar\/sitio\/catalogo\/profesorado-en-economia-y-gestion-de-las-organizaciones-3\/\" aria-label=\"More on Profesorado en Econom\u00eda y Gesti\u00f3n de las Organizaciones\">[+]<\/a><\/p>\n","protected":false},"author":13,"featured_media":0,"parent":644,"menu_order":0,"comment_status":"closed","ping_status":"closed","template":"","meta":[],"acf":[],"_links":{"self":[{"href":"https:\/\/isalberti-crr.infd.edu.ar\/sitio\/wp-json\/wp\/v2\/pages\/791"}],"collection":[{"href":"https:\/\/isalberti-crr.infd.edu.ar\/sitio\/wp-json\/wp\/v2\/pages"}],"about":[{"href":"https:\/\/isalberti-crr.infd.edu.ar\/sitio\/wp-json\/wp\/v2\/types\/page"}],"author":[{"embeddable":true,"href":"https:\/\/isalberti-crr.infd.edu.ar\/sitio\/wp-json\/wp\/v2\/users\/13"}],"replies":[{"embeddable":true,"href":"https:\/\/isalberti-crr.infd.edu.ar\/sitio\/wp-json\/wp\/v2\/comments?post=791"}],"version-history":[{"count":2,"href":"https:\/\/isalberti-crr.infd.edu.ar\/sitio\/wp-json\/wp\/v2\/pages\/791\/revisions"}],"predecessor-version":[{"id":811,"href":"https:\/\/isalberti-crr.infd.edu.ar\/sitio\/wp-json\/wp\/v2\/pages\/791\/revisions\/811"}],"up":[{"embeddable":true,"href":"https:\/\/isalberti-crr.infd.edu.ar\/sitio\/wp-json\/wp\/v2\/pages\/644"}],"wp:attachment":[{"href":"https:\/\/isalberti-crr.infd.edu.ar\/sitio\/wp-json\/wp\/v2\/media?parent=791"}],"curies":[{"name":"wp","href":"https:\/\/api.w.org\/{rel}","templated":true}]}}