{"id":799,"date":"2019-05-09T16:49:20","date_gmt":"2019-05-09T19:49:20","guid":{"rendered":"https:\/\/isalberti-crr.infd.edu.ar\/sitio\/?page_id=799"},"modified":"2019-05-09T16:50:40","modified_gmt":"2019-05-09T19:50:40","slug":"profesorado-de-educacion-secundaria-en-geografia","status":"publish","type":"page","link":"https:\/\/isalberti-crr.infd.edu.ar\/sitio\/catalogo\/profesorado-de-educacion-secundaria-en-geografia\/","title":{"rendered":"Profesorado de Educaci\u00f3n Secundaria en Geograf\u00eda"},"content":{"rendered":"<p><em>TITULO DE VALIDEZ NACIONAL<br \/>\n<\/em><\/p>\n<p><em>\u00a0N\u00ba Resolucion Ministerial: 3318\/14<\/em><strong><em><br \/>\n<\/em><\/strong><\/p>\n<h3><strong>INCUMBENCIA<\/strong><\/h3>\n<p>Te habilita para ejercer la profesi\u00f3n en los siguientes espacios curriculares:<\/p>\n<ul>\n<li>Ciencias Sociales: Sociedad y Espacios Geogr\u00e1ficos.<\/li>\n<li>Actividades humanas y Organizaci\u00f3n Social.<\/li>\n<li>La tierra y sus cambios. Medio natural, historia y sociedad.<\/li>\n<\/ul>\n<p>Geograf\u00eda:<\/p>\n<ul>\n<li>Sociedad y Espacio Geogr\u00e1fico Mundial.<\/li>\n<li>Globalizaci\u00f3n y Regionalizaci\u00f3n.<\/li>\n<li>La Tierra, la vida y sus cambios.<\/li>\n<li>La humanidad y el ambiente.<\/li>\n<\/ul>\n<p>T\u00edtulo Habilitante para:<\/p>\n<ul>\n<li>Formaci\u00f3n Etica y Ciudadana.<\/li>\n<li>Historia.<\/li>\n<li>Espacios de Opci\u00f3n Institucional (EOI).<\/li>\n<li>Proyectos de Orientaci\u00f3n y Tutor\u00eda (EDI).<\/li>\n<\/ul>\n<h3><strong>PERFIL DEL EGRESADO DE GEOGRAF\u00cdA<\/strong><\/h3>\n<p><em>El docente de Geograf\u00eda estar\u00e1 capacitado para:<\/em><\/p>\n<ul>\n<li>Manejar con solvencia los principios, enfoques m\u00e9todos y contenidos de la Geograf\u00eda.<\/li>\n<li>Construir un saber profesional espec\u00edfico, un saber pedag\u00f3gico especializado en complejidad, accesible y \u00fatil socialmente en sus dimensiones conceptuales, procedimentales y actitudinales.<\/li>\n<li>Analizar cr\u00edticamente la relaci\u00f3n espacio-sociedad-naturaleza, en el contexto de los procesos geogr\u00e1ficos, mundiales, americanos y argentinos.<\/li>\n<li>Integrar a la Geograf\u00eda en el campo de las Ciencias Sociales, colocando al hombre en el centro de la reflexi\u00f3n, mediante el estudio delas relaciones con su Medio Ambiente y la construcci\u00f3n y organizaci\u00f3n del espacio por parte de la sociedad, basado en un fuerte conocimiento de la red de interacciones complejas que se producen tanto entre los fen\u00f3menos naturales como los humanos, y la interacci\u00f3n entre ambos.<\/li>\n<li>Disponer de las herramientas necesarias para tomar decisiones adecuadas en diferentes momentos de su profesi\u00f3n.<\/li>\n<li>Capacitarse para desempe\u00f1arse eficazmente en todos los niveles del sistema educativo y sus distintas modalidades.<\/li>\n<li>Formarse como docente participativo y comprometido con su instituci\u00f3n y entorno social.<\/li>\n<li>Desarrollar una actitud reflexiva a partir de apropiarse de saberes, en los procesos de construcci\u00f3n del conocimiento.<\/li>\n<li>Comprender las caracter\u00edsticas psicol\u00f3gicas, fisiol\u00f3gicas y socioculturales de la pubertad, adolescencia y primera juventud,\u00a0 para el dise\u00f1o de estrategias de ense\u00f1anza apropiadas.<\/li>\n<li>Fundamentar sus pr\u00e1cticas docentes en concepciones \u00e9ticas y sociales del conocimiento, en funci\u00f3n de los intereses de las edades evolutivas de los alumnos.<\/li>\n<li>Vincular los aportes de la investigaci\u00f3n educativa y la reflexi\u00f3n sistem\u00e1tica sobre la pr\u00e1ctica, para redise\u00f1ar propuestas alternativas frente a situaciones complejas y particulares.<\/li>\n<\/ul>\n<table border=\"1\" cellspacing=\"0\" cellpadding=\"0\">\n<tbody>\n<tr>\n<td valign=\"top\" width=\"130\">\n<div align=\"center\"><b>Ciclo<\/b><\/div>\n<\/td>\n<td valign=\"top\" width=\"113\">\n<div align=\"center\"><b>Area<\/b><\/div>\n<\/td>\n<td valign=\"top\" width=\"76\">\n<div align=\"center\"><b>Curso<\/b><\/div>\n<\/td>\n<td valign=\"top\" width=\"279\">\n<div align=\"center\"><b>Tema<\/b><\/div>\n<\/td>\n<\/tr>\n<tr>\n<td valign=\"top\" width=\"130\">\n<div>Educaci\u00f3n General B\u00e1sica<\/div>\n<\/td>\n<td valign=\"top\" width=\"113\">\n<div>Ciencias Sociales<\/div>\n<\/td>\n<td valign=\"top\" width=\"76\">\n<div>1\u00b0 &#8211; 2\u00b0 &#8211; 3\u00b0<\/div>\n<\/td>\n<td valign=\"top\" width=\"279\">\n<div>Sociedad y Espacios Geogr\u00e1ficos. Actividades humanas y Organizaci\u00f3n Social.<\/div>\n<div>La tierra y sus cambios. Medio natural, historia y sociedad<\/div>\n<\/td>\n<\/tr>\n<tr>\n<td valign=\"top\" width=\"130\">\n<div>Educaci\u00f3n Polimodal<\/div>\n<\/td>\n<td valign=\"top\" width=\"113\">\n<div>Geograf\u00eda<\/div>\n<\/td>\n<td valign=\"top\" width=\"76\">\n<div>4\u00b0 &#8211; 5\u00b0 &#8211; 6\u00b0<\/div>\n<\/td>\n<td valign=\"top\" width=\"279\">\n<div>Sociedad y Espacio Geogr\u00e1fico Mundial. Globalizaci\u00f3n y Regionalizaci\u00f3n. La Tierra, la vida y sus cambios. La humanidad y el ambiente<\/div>\n<\/td>\n<\/tr>\n<\/tbody>\n<\/table>\n<p><button class=\"btn btn-primary btn-lg btn-block\" type=\"button\">1er a\u00f1o<\/button><\/p>\n<ol>\n<li>Did\u00e1ctica General &#8211; Anual<\/li>\n<li>Pedagog\u00eda &#8211; Anual<\/li>\n<li>Lectura y Escritura Acad\u00e9mica &#8211; Anual<\/li>\n<li>Historia Argentina y Latinoamericana &#8211; Cuat.<\/li>\n<li>Estad\u00edstica y Geo-Inform\u00e1tica &#8211; Cuat.<\/li>\n<li>Introducci\u00f3n a las Ciencias Sociales &#8211; Cuat.<\/li>\n<li>Geograf\u00eda Ambiental I (Procesos naturales planetarios) &#8211; Cuat.<\/li>\n<li>Tecnolog\u00eda de la Inf.\u00a0 y la Com. &#8211; Cuat.<\/li>\n<li>Pr\u00e1ctica Docente I &#8211; Anual<\/li>\n<\/ol>\n<p><button class=\"btn btn-primary btn-lg btn-block\" type=\"button\">2do a\u00f1o<\/button><\/p>\n<ol>\n<li>Historia y Pol\u00edtica de la Educ. Arg.\u00a0 -Cuat.<\/li>\n<li>Psicolog\u00eda Educacional &#8211; Cuat.<\/li>\n<li>Teor\u00eda y Epistemolog\u00eda de Geograf\u00eda &#8211; Cuat.<\/li>\n<li>Cartograf\u00eda y Sensores Remotos &#8211; Anual<\/li>\n<li>Sujeto del Aprendizaje &#8211; Anual<\/li>\n<li>Geograf\u00eda Ambiental II (Sociedad. Naturaleza. Procesos y Sistemas interactuantes ) &#8211; Cuat.<\/li>\n<li>Geograf\u00eda Argentina I &#8211; Cuat.<\/li>\n<li>Geograf\u00eda de los espacios rurales y urbanos &#8211; Cuat.<\/li>\n<li>Geograf\u00eda Social y de la poblaci\u00f3n &#8211; Cuat.<\/li>\n<li>Geograf\u00eda Econ\u00f3mica &#8211; Cuat.<\/li>\n<li>Pr\u00e1ctica Docente II &#8211; Anual.<\/li>\n<\/ol>\n<p><button class=\"btn btn-primary btn-lg btn-block\" type=\"button\">3era\u00f1o<\/button><\/p>\n<ol>\n<li>Tecnolog\u00eda de la Informaci\u00f3n y la Comunicaci\u00f3n en la Ense\u00f1anza &#8211; Anual<\/li>\n<li>Sociolog\u00eda de la Educaci\u00f3n &#8211; Cuat.<\/li>\n<li>Lengua Extranjera &#8211; Cuat.<\/li>\n<li>Did\u00e1ctica de la Geograf\u00eda &#8211; Anual<\/li>\n<li>Geograf\u00eda Argentina II &#8211; Cuat.<\/li>\n<li>Geograf\u00eda de los Espacios\u00a0 Mundiales y Contempor\u00e1neos &#8211; Anual<\/li>\n<li>Espacios Geog.\u00a0 Latinoamericanos &#8211; Cuat.<\/li>\n<li>Pr\u00e1ctica Docente III &#8211; Anual<\/li>\n<\/ol>\n<p><button class=\"btn btn-primary btn-lg btn-block\" type=\"button\">4to a\u00f1o<\/button><\/p>\n<ol>\n<li>\u00c9tica y Ciudadan\u00eda &#8211; Cuat.<\/li>\n<li>Filosof\u00eda de la Educaci\u00f3n &#8211; Cuat.<\/li>\n<li>Educaci\u00f3n Sexual Integral &#8211; Anual<\/li>\n<li>Geograf\u00eda del NEA &#8211; Cuat.<\/li>\n<li>Seminario de Geograf\u00eda &#8211; Cuat.<\/li>\n<li>Educaci\u00f3n Ambiental &#8211; Cuat.<\/li>\n<li>Residencia Pedag\u00f3gica &#8211; Anual<\/li>\n<\/ol>\n","protected":false},"excerpt":{"rendered":"<p>TITULO DE VALIDEZ NACIONAL \u00a0N\u00ba Resolucion Ministerial: 3318\/14 INCUMBENCIA Te habilita para ejercer la profesi\u00f3n en los siguientes espacios curriculares: Ciencias Sociales: Sociedad y Espacios Geogr\u00e1ficos. Actividades humanas y Organizaci\u00f3n Social. La tierra y sus cambios. Medio natural, historia y sociedad. Geograf\u00eda: Sociedad y Espacio Geogr\u00e1fico Mundial. Globalizaci\u00f3n y Regionalizaci\u00f3n. La Tierra, la vida y &#8230; <a title=\"Profesorado de Educaci\u00f3n Secundaria en Geograf\u00eda\" class=\"read-more\" href=\"https:\/\/isalberti-crr.infd.edu.ar\/sitio\/catalogo\/profesorado-de-educacion-secundaria-en-geografia\/\" aria-label=\"More on Profesorado de Educaci\u00f3n Secundaria en Geograf\u00eda\">[+]<\/a><\/p>\n","protected":false},"author":13,"featured_media":0,"parent":644,"menu_order":0,"comment_status":"closed","ping_status":"closed","template":"","meta":[],"acf":[],"_links":{"self":[{"href":"https:\/\/isalberti-crr.infd.edu.ar\/sitio\/wp-json\/wp\/v2\/pages\/799"}],"collection":[{"href":"https:\/\/isalberti-crr.infd.edu.ar\/sitio\/wp-json\/wp\/v2\/pages"}],"about":[{"href":"https:\/\/isalberti-crr.infd.edu.ar\/sitio\/wp-json\/wp\/v2\/types\/page"}],"author":[{"embeddable":true,"href":"https:\/\/isalberti-crr.infd.edu.ar\/sitio\/wp-json\/wp\/v2\/users\/13"}],"replies":[{"embeddable":true,"href":"https:\/\/isalberti-crr.infd.edu.ar\/sitio\/wp-json\/wp\/v2\/comments?post=799"}],"version-history":[{"count":1,"href":"https:\/\/isalberti-crr.infd.edu.ar\/sitio\/wp-json\/wp\/v2\/pages\/799\/revisions"}],"predecessor-version":[{"id":800,"href":"https:\/\/isalberti-crr.infd.edu.ar\/sitio\/wp-json\/wp\/v2\/pages\/799\/revisions\/800"}],"up":[{"embeddable":true,"href":"https:\/\/isalberti-crr.infd.edu.ar\/sitio\/wp-json\/wp\/v2\/pages\/644"}],"wp:attachment":[{"href":"https:\/\/isalberti-crr.infd.edu.ar\/sitio\/wp-json\/wp\/v2\/media?parent=799"}],"curies":[{"name":"wp","href":"https:\/\/api.w.org\/{rel}","templated":true}]}}