{"id":807,"date":"2019-05-09T16:56:41","date_gmt":"2019-05-09T19:56:41","guid":{"rendered":"https:\/\/isalberti-crr.infd.edu.ar\/sitio\/?page_id=807"},"modified":"2019-05-09T16:56:42","modified_gmt":"2019-05-09T19:56:42","slug":"profesorado-de-educacion-secundaria-en-lengua-y-literatura","status":"publish","type":"page","link":"https:\/\/isalberti-crr.infd.edu.ar\/sitio\/catalogo\/profesorado-de-educacion-secundaria-en-lengua-y-literatura\/","title":{"rendered":"Profesorado de Educaci\u00f3n Secundaria en Lengua y Literatura"},"content":{"rendered":"<p><em>TITULO DE VALIDEZ NACIONAL<br \/>\n<\/em><\/p>\n<p><em>N\u00ba Resolucion Ministerial: 4659\/15<\/em><\/p>\n<h3><strong>INCUMBENCIA<\/strong><\/h3>\n<ul>\n<li>Te habilita para ejercer la profesi\u00f3n en los siguientes espacios curriculares.<\/li>\n<li>Espacios curriculares de Lengua y Literatura de la Escuela Secundaria.<\/li>\n<li>Lengua, Lengua y Literatura, Literatura, Comunicaci\u00f3n, Comunicaci\u00f3n y Cultura.<\/li>\n<\/ul>\n<h3><strong>PERFIL DEL EGRESADO DE LENGUA Y LITERATURA<br \/>\n<\/strong><\/h3>\n<p><em>El docente de Lengua y Literatura estar\u00e1 capacitado para:<\/em><\/p>\n<ul>\n<li>Poseer idoneidad profesional, producto de su formaci\u00f3n cient\u00edfica y metodol\u00f3gica disciplinaria en atenci\u00f3n a las nuevas concepciones te\u00f3ricas de las ciencias de la comunicaci\u00f3n social.<\/li>\n<li>Orientar y definir su vocaci\u00f3n docente en la experiencia integral de su quehacer profesional.<\/li>\n<li>Desarrollar un pensamiento cr\u00edtico y creador frente a las nuevas propuestas de evoluci\u00f3n disciplinaria y en el marco de las relaciones con otras disciplinas.<\/li>\n<li>Interesarse por su actualizaci\u00f3n permanente y por el desarrollo de estrategias de autoformaci\u00f3n.<\/li>\n<li>Definir y seleccionar l\u00edneas de investigaci\u00f3n prioritarias conforme con sus intereses y las necesidades de su acci\u00f3n en el terreno de la ense\u00f1anza.<\/li>\n<li>Proyectar su vida profesional conforme con el fin trascendente de la naturaleza humana.<\/li>\n<li>Manifestar actitudes de amor a la nacionalidad sustentada en el compromiso cat\u00f3lico del accionar cristiano.<\/li>\n<\/ul>\n<p>&nbsp;<\/p>\n<p><button class=\"btn btn-primary btn-lg btn-block\" type=\"button\">1er a\u00f1o<\/button><\/p>\n<ol>\n<li>Lengua I &#8211; Anual<\/li>\n<li>Introducci\u00f3n a la Literatura I &#8211; Anual<\/li>\n<li>Lectura y escritura acad\u00e9mica &#8211; Anual<\/li>\n<li>Did\u00e1ctica General &#8211; Anual<\/li>\n<li>Pedagog\u00eda &#8211; Anual<\/li>\n<li>Filosof\u00eda de la Educaci\u00f3n &#8211; Cuat.<\/li>\n<li>Pr\u00e1ctica Docente I. Contextos y pr\u00e1cticas educativas &#8211; Anual<\/li>\n<\/ol>\n<p><button class=\"btn btn-primary btn-lg btn-block\" type=\"button\">2do a\u00f1o<\/button><\/p>\n<ol>\n<li>Lengua II &#8211; Anual<\/li>\n<li>Literatura Argentina I &#8211; Anual<\/li>\n<li>Tecnolog\u00edas de la Inform. y la com. &#8211; Anual<\/li>\n<li>Historia Argentina y Latinoamericana &#8211; Cuat.<\/li>\n<li>Taller de Producci\u00f3n y Comprensi\u00f3n de textos &#8211; Anual<\/li>\n<li>Literatura Espa\u00f1ola I &#8211; Anual<\/li>\n<li>Psicolog\u00eda Educacional &#8211; Cuat.<\/li>\n<li>Sujeto de la Educaci\u00f3n Secundaria &#8211; Anual<\/li>\n<li>Psicosocioling\u00fc\u00edstica &#8211; Anual.<\/li>\n<li>Pr\u00e1ctica Docente II &#8211; Anual<\/li>\n<\/ol>\n<p><button class=\"btn btn-primary btn-lg btn-block\" type=\"button\">3roa\u00f1o<\/button><\/p>\n<ol>\n<li>Lengua III &#8211; Anual<\/li>\n<li>Historia y Pol\u00edtica de la Educaci\u00f3n Argentina &#8211; Cuat.<\/li>\n<li>Literatura Argentina II\u00a0\u00a0 \u00a0&#8211; Anual<\/li>\n<li>Literatura Latinoamericana &#8211; Anual<\/li>\n<li>Literatura Espa\u00f1ola II &#8211; Anual<\/li>\n<li>Did\u00e1ctica Espec\u00edfica &#8211; Anual<\/li>\n<li>Lengua y Literatura Griega &#8211; Cuat.<\/li>\n<li>Lengua y Literatura Latina &#8211; Cuat.<\/li>\n<li>Sociolog\u00eda de la Educaci\u00f3n &#8211; Cuat.<\/li>\n<li>Pr\u00e1ctica Docente III &#8211; Anual<\/li>\n<\/ol>\n<p><button class=\"btn btn-primary btn-lg btn-block\" type=\"button\">4toa\u00f1o<\/button><\/p>\n<ol>\n<li>Lengua Extranjera &#8211; Cuat.<\/li>\n<li>Literaturas Europeas &#8211; Anual<\/li>\n<li>Historia del Arte y la Cultura &#8211; Anual<\/li>\n<li>Educaci\u00f3n Sexual Integral &#8211; Cuat.<\/li>\n<li>\u00c9tica y Ciudadana &#8211; Cuat.<\/li>\n<li>Semi\u00f3tica y An\u00e1lisis del Discurso &#8211; Anual<\/li>\n<li>Residencia Pedag\u00f3gica &#8211; Anual<\/li>\n<\/ol>\n","protected":false},"excerpt":{"rendered":"<p>TITULO DE VALIDEZ NACIONAL N\u00ba Resolucion Ministerial: 4659\/15 INCUMBENCIA Te habilita para ejercer la profesi\u00f3n en los siguientes espacios curriculares. Espacios curriculares de Lengua y Literatura de la Escuela Secundaria. Lengua, Lengua y Literatura, Literatura, Comunicaci\u00f3n, Comunicaci\u00f3n y Cultura. PERFIL DEL EGRESADO DE LENGUA Y LITERATURA El docente de Lengua y Literatura estar\u00e1 capacitado para: &#8230; <a title=\"Profesorado de Educaci\u00f3n Secundaria en Lengua y Literatura\" class=\"read-more\" href=\"https:\/\/isalberti-crr.infd.edu.ar\/sitio\/catalogo\/profesorado-de-educacion-secundaria-en-lengua-y-literatura\/\" aria-label=\"More on Profesorado de Educaci\u00f3n Secundaria en Lengua y Literatura\">[+]<\/a><\/p>\n","protected":false},"author":13,"featured_media":0,"parent":644,"menu_order":0,"comment_status":"closed","ping_status":"closed","template":"","meta":[],"acf":[],"_links":{"self":[{"href":"https:\/\/isalberti-crr.infd.edu.ar\/sitio\/wp-json\/wp\/v2\/pages\/807"}],"collection":[{"href":"https:\/\/isalberti-crr.infd.edu.ar\/sitio\/wp-json\/wp\/v2\/pages"}],"about":[{"href":"https:\/\/isalberti-crr.infd.edu.ar\/sitio\/wp-json\/wp\/v2\/types\/page"}],"author":[{"embeddable":true,"href":"https:\/\/isalberti-crr.infd.edu.ar\/sitio\/wp-json\/wp\/v2\/users\/13"}],"replies":[{"embeddable":true,"href":"https:\/\/isalberti-crr.infd.edu.ar\/sitio\/wp-json\/wp\/v2\/comments?post=807"}],"version-history":[{"count":1,"href":"https:\/\/isalberti-crr.infd.edu.ar\/sitio\/wp-json\/wp\/v2\/pages\/807\/revisions"}],"predecessor-version":[{"id":808,"href":"https:\/\/isalberti-crr.infd.edu.ar\/sitio\/wp-json\/wp\/v2\/pages\/807\/revisions\/808"}],"up":[{"embeddable":true,"href":"https:\/\/isalberti-crr.infd.edu.ar\/sitio\/wp-json\/wp\/v2\/pages\/644"}],"wp:attachment":[{"href":"https:\/\/isalberti-crr.infd.edu.ar\/sitio\/wp-json\/wp\/v2\/media?parent=807"}],"curies":[{"name":"wp","href":"https:\/\/api.w.org\/{rel}","templated":true}]}}